{"id":2,"date":"2016-05-10T03:48:21","date_gmt":"2016-05-10T03:48:21","guid":{"rendered":"http:\/\/wp452m.a10-52-158-154.qa.plesk.ru\/wordpress\/?page_id=2"},"modified":"2026-03-07T12:10:03","modified_gmt":"2026-03-07T12:10:03","slug":"sample-page","status":"publish","type":"page","link":"https:\/\/nuit-du-bad.lucbadminton.ch\/","title":{"rendered":"Accueil"},"content":{"rendered":"\n<p class=\"has-black-color has-text-color has-link-color wp-elements-567f57bf6d3128cc1444cfe870a075d3\" style=\"font-size:18px\">Bienvenue sur le site de la Nuit du Badminton, \u00e9v\u00e9nement organis\u00e9 par le LUC Badminton !<br>La <strong>12<sup>\u00e8me<\/sup> \u00e9dition <\/strong>de la <strong>Nuit du Badminton<\/strong> aura lieu le <strong>vendredi 1er mai 2026<\/strong>.<\/p>\n\n\n\n<p class=\"has-text-align-center has-white-color has-text-color has-background has-link-color wp-elements-0572fea2ef8d9e4ccb5eca688d31e2f4\" style=\"background-color:#011b45;font-size:18px;font-style:normal;font-weight:900\">Les inscriptions sont ouvertes sous l&rsquo;onglet <a href=\"https:\/\/nuit-du-bad.lucbadminton.ch\/?page_id=1297\" data-type=\"page\" data-id=\"1297\">\u00ab\u00a0Inscriptions\u00a0\u00bb<\/a> !<br>Registrations are open under <a href=\"https:\/\/nuit-du-bad.lucbadminton.ch\/?page_id=1297\" data-type=\"page\" data-id=\"1297\">\u00ab\u00a0Inscriptions\u00a0\u00bb<\/a> !<\/p>\n\n\n\n<figure class=\"wp-block-image size-full is-resized\"><img loading=\"lazy\" decoding=\"async\" width=\"2976\" height=\"4209\" src=\"https:\/\/nuit-du-bad.lucbadminton.ch\/wp-content\/uploads\/2026\/03\/affiche_NDB-2026.png\" alt=\"\" class=\"wp-image-1554\" style=\"width:486px;height:auto\" srcset=\"https:\/\/nuit-du-bad.lucbadminton.ch\/wp-content\/uploads\/2026\/03\/affiche_NDB-2026.png 2976w, https:\/\/nuit-du-bad.lucbadminton.ch\/wp-content\/uploads\/2026\/03\/affiche_NDB-2026-212x300.png 212w, https:\/\/nuit-du-bad.lucbadminton.ch\/wp-content\/uploads\/2026\/03\/affiche_NDB-2026-724x1024.png 724w, https:\/\/nuit-du-bad.lucbadminton.ch\/wp-content\/uploads\/2026\/03\/affiche_NDB-2026-768x1086.png 768w, https:\/\/nuit-du-bad.lucbadminton.ch\/wp-content\/uploads\/2026\/03\/affiche_NDB-2026-1086x1536.png 1086w, https:\/\/nuit-du-bad.lucbadminton.ch\/wp-content\/uploads\/2026\/03\/affiche_NDB-2026-1448x2048.png 1448w, https:\/\/nuit-du-bad.lucbadminton.ch\/wp-content\/uploads\/2026\/03\/affiche_NDB-2026-1x1.png 1w\" sizes=\"auto, (max-width: 2976px) 100vw, 2976px\" \/><\/figure>\n\n\n\n<p><\/p>\n","protected":false},"excerpt":{"rendered":"<p>Bienvenue sur le site de la Nuit du Badminton, \u00e9v\u00e9nement organis\u00e9 par le LUC Badminton !La 12\u00e8me \u00e9dition de la Nuit du Badminton aura lieu le vendredi 1er mai 2026. Les inscriptions sont ouvertes sous l&rsquo;onglet \u00ab\u00a0Inscriptions\u00a0\u00bb !Registrations are open under \u00ab\u00a0Inscriptions\u00a0\u00bb !<\/p>\n","protected":false},"author":2,"featured_media":0,"parent":0,"menu_order":0,"comment_status":"closed","ping_status":"closed","template":"page-templates\/full-width.php","meta":{"footnotes":""},"class_list":["post-2","page","type-page","status-publish","hentry"],"_links":{"self":[{"href":"https:\/\/nuit-du-bad.lucbadminton.ch\/index.php?rest_route=\/wp\/v2\/pages\/2","targetHints":{"allow":["GET"]}}],"collection":[{"href":"https:\/\/nuit-du-bad.lucbadminton.ch\/index.php?rest_route=\/wp\/v2\/pages"}],"about":[{"href":"https:\/\/nuit-du-bad.lucbadminton.ch\/index.php?rest_route=\/wp\/v2\/types\/page"}],"author":[{"embeddable":true,"href":"https:\/\/nuit-du-bad.lucbadminton.ch\/index.php?rest_route=\/wp\/v2\/users\/2"}],"replies":[{"embeddable":true,"href":"https:\/\/nuit-du-bad.lucbadminton.ch\/index.php?rest_route=%2Fwp%2Fv2%2Fcomments&post=2"}],"version-history":[{"count":96,"href":"https:\/\/nuit-du-bad.lucbadminton.ch\/index.php?rest_route=\/wp\/v2\/pages\/2\/revisions"}],"predecessor-version":[{"id":1576,"href":"https:\/\/nuit-du-bad.lucbadminton.ch\/index.php?rest_route=\/wp\/v2\/pages\/2\/revisions\/1576"}],"wp:attachment":[{"href":"https:\/\/nuit-du-bad.lucbadminton.ch\/index.php?rest_route=%2Fwp%2Fv2%2Fmedia&parent=2"}],"curies":[{"name":"wp","href":"https:\/\/api.w.org\/{rel}","templated":true}]}}